{"id":465,"date":"2024-03-12T09:34:32","date_gmt":"2024-03-12T08:34:32","guid":{"rendered":"https:\/\/pascaleract.fr\/?page_id=465"},"modified":"2026-03-25T19:37:33","modified_gmt":"2026-03-25T18:37:33","slug":"actualites-2","status":"publish","type":"page","link":"https:\/\/pascaleract.fr\/?page_id=465","title":{"rendered":"ACTUALITES"},"content":{"rendered":"\n<div class=\"wp-block-media-text is-stacked-on-mobile\"><figure class=\"wp-block-media-text__media\"><img loading=\"lazy\" decoding=\"async\" width=\"1024\" height=\"724\" src=\"https:\/\/pascaleract.fr\/wp-content\/uploads\/2026\/03\/flyer-AP-1024x724.jpg\" alt=\"\" class=\"wp-image-616 size-full\" srcset=\"https:\/\/pascaleract.fr\/wp-content\/uploads\/2026\/03\/flyer-AP-1024x724.jpg 1024w, https:\/\/pascaleract.fr\/wp-content\/uploads\/2026\/03\/flyer-AP-300x212.jpg 300w, https:\/\/pascaleract.fr\/wp-content\/uploads\/2026\/03\/flyer-AP-768x543.jpg 768w, https:\/\/pascaleract.fr\/wp-content\/uploads\/2026\/03\/flyer-AP-1536x1086.jpg 1536w, https:\/\/pascaleract.fr\/wp-content\/uploads\/2026\/03\/flyer-AP-2048x1448.jpg 2048w\" sizes=\"auto, (max-width: 1024px) 100vw, 1024px\" \/><\/figure><div class=\"wp-block-media-text__content\">\n<p><strong>Du jeudi 16 au samedi 25 avril 2026<\/strong><br><strong>Galerie Abstract project<\/strong>, Paris<br> 5, rue des Immeubles Industriels,  11e M\u00e9tro Nation<br>je serai pr\u00e9sente au vernissage, le mercredi 15 avril \u00e0 18h et  les vendredis 17 et 24 de 14 \u00e0 19h<\/p>\n<\/div><\/div>\n\n\n\n<div class=\"wp-block-media-text is-stacked-on-mobile\"><figure class=\"wp-block-media-text__media\"><img loading=\"lazy\" decoding=\"async\" width=\"1024\" height=\"796\" src=\"https:\/\/pascaleract.fr\/wp-content\/uploads\/2026\/03\/visuel-com-expo-nopmade-1024x796.jpg\" alt=\"\" class=\"wp-image-618 size-full\" srcset=\"https:\/\/pascaleract.fr\/wp-content\/uploads\/2026\/03\/visuel-com-expo-nopmade-1024x796.jpg 1024w, https:\/\/pascaleract.fr\/wp-content\/uploads\/2026\/03\/visuel-com-expo-nopmade-300x233.jpg 300w, https:\/\/pascaleract.fr\/wp-content\/uploads\/2026\/03\/visuel-com-expo-nopmade-768x597.jpg 768w, https:\/\/pascaleract.fr\/wp-content\/uploads\/2026\/03\/visuel-com-expo-nopmade.jpg 1439w\" sizes=\"auto, (max-width: 1024px) 100vw, 1024px\" \/><\/figure><div class=\"wp-block-media-text__content\">\n<p><strong>De mars \u00e0 octobre 2026<\/strong><br><strong>Lilatelier, Expo Nomade<\/strong> dans la <strong>ville des Lilas<\/strong><br>vernissage le jeudi 26 mars \u00e0 18h30<br>Pr\u00e9sence le vendredi 27 de 19h30 \u00e0 22h30<\/p>\n<\/div><\/div>\n\n\n\n<div class=\"wp-block-columns is-layout-flex wp-container-core-columns-is-layout-28f84493 wp-block-columns-is-layout-flex\">\n<div class=\"wp-block-column is-layout-flow wp-block-column-is-layout-flow\" style=\"flex-basis:33.33%\">\n<figure class=\"wp-block-image size-full\"><img loading=\"lazy\" decoding=\"async\" width=\"602\" height=\"59\" src=\"http:\/\/pascaleract.fr\/wp-content\/uploads\/2024\/03\/image.png\" alt=\"\" class=\"wp-image-466\" srcset=\"https:\/\/pascaleract.fr\/wp-content\/uploads\/2024\/03\/image.png 602w, https:\/\/pascaleract.fr\/wp-content\/uploads\/2024\/03\/image-300x29.png 300w\" sizes=\"auto, (max-width: 602px) 100vw, 602px\" \/><\/figure>\n<\/div>\n\n\n\n<div class=\"wp-block-column is-layout-flow wp-block-column-is-layout-flow\" style=\"flex-basis:66.66%\">\n<p><strong>Du 6 au 9 novembre 2025<\/strong><br>Salon R\u00e9alit\u00e9s Nouvelles au sein du <strong>Tiers Lieux C\u00e9sure<\/strong><br>13 rue de Santeuil 75005 Paris<\/p>\n<\/div>\n<\/div>\n\n\n\n<div class=\"wp-block-columns is-layout-flex wp-container-core-columns-is-layout-28f84493 wp-block-columns-is-layout-flex\">\n<div class=\"wp-block-column is-layout-flow wp-block-column-is-layout-flow\" style=\"flex-basis:33.33%\">\n<figure class=\"wp-block-image size-large\"><img loading=\"lazy\" decoding=\"async\" width=\"819\" height=\"1024\" src=\"https:\/\/pascaleract.fr\/wp-content\/uploads\/2025\/09\/Votre-texte-de-paragraphe.png-819x1024.png\" alt=\"\" class=\"wp-image-527\" srcset=\"https:\/\/pascaleract.fr\/wp-content\/uploads\/2025\/09\/Votre-texte-de-paragraphe.png-819x1024.png 819w, https:\/\/pascaleract.fr\/wp-content\/uploads\/2025\/09\/Votre-texte-de-paragraphe.png-240x300.png 240w, https:\/\/pascaleract.fr\/wp-content\/uploads\/2025\/09\/Votre-texte-de-paragraphe.png-768x960.png 768w, https:\/\/pascaleract.fr\/wp-content\/uploads\/2025\/09\/Votre-texte-de-paragraphe.png.png 1080w\" sizes=\"auto, (max-width: 819px) 100vw, 819px\" \/><\/figure>\n<\/div>\n\n\n\n<div class=\"wp-block-column is-layout-flow wp-block-column-is-layout-flow\" style=\"flex-basis:66.66%\">\n<p><strong>Du 13 septembre au 20 d\u00e9cembre 2025<\/strong><br>Exposition au sein de l&#8217;espace d&#8217;Art Chaillioux \u00e0 Fresnes (94)<br><a href=\"http:\/\/art-fresnes94.fr\">art-fresnes94.fr<\/a><\/p>\n<\/div>\n<\/div>\n\n\n\n<div class=\"wp-block-columns is-layout-flex wp-container-core-columns-is-layout-28f84493 wp-block-columns-is-layout-flex\">\n<div class=\"wp-block-column is-layout-flow wp-block-column-is-layout-flow\" style=\"flex-basis:33.33%\">\n<figure class=\"wp-block-image size-full is-resized\"><img loading=\"lazy\" decoding=\"async\" width=\"1664\" height=\"2560\" src=\"https:\/\/pascaleract.fr\/wp-content\/uploads\/2024\/09\/expo-chine-1-scaled.jpg\" alt=\"\" class=\"wp-image-523\" style=\"width:238px;height:auto\" srcset=\"https:\/\/pascaleract.fr\/wp-content\/uploads\/2024\/09\/expo-chine-1-scaled.jpg 1664w, https:\/\/pascaleract.fr\/wp-content\/uploads\/2024\/09\/expo-chine-1-195x300.jpg 195w, https:\/\/pascaleract.fr\/wp-content\/uploads\/2024\/09\/expo-chine-1-666x1024.jpg 666w, https:\/\/pascaleract.fr\/wp-content\/uploads\/2024\/09\/expo-chine-1-768x1181.jpg 768w, https:\/\/pascaleract.fr\/wp-content\/uploads\/2024\/09\/expo-chine-1-999x1536.jpg 999w, https:\/\/pascaleract.fr\/wp-content\/uploads\/2024\/09\/expo-chine-1-1331x2048.jpg 1331w\" sizes=\"auto, (max-width: 1664px) 100vw, 1664px\" \/><\/figure>\n<\/div>\n\n\n\n<div class=\"wp-block-column is-layout-flow wp-block-column-is-layout-flow\" style=\"flex-basis:66.66%\">\n<p><strong>EN CHINE<\/strong><br>Du 14 septembre au 17 novembre 2024<br>Au <strong>1905 art Space<\/strong> &#8211;<strong> SHENYANG<\/strong><\/p>\n\n\n\n<p>Du 1er d\u00e9cembre au 26 f\u00e9vrier 2025<br>\u00e0 la <strong>G-Lake art gallery &#8211; FUZHOU<\/strong><\/p>\n\n\n\n<div class=\"wp-block-columns is-layout-flex wp-container-core-columns-is-layout-28f84493 wp-block-columns-is-layout-flex\">\n<div class=\"wp-block-column is-layout-flow wp-block-column-is-layout-flow\"><\/div>\n\n\n\n<div class=\"wp-block-column is-layout-flow wp-block-column-is-layout-flow\"><\/div>\n<\/div>\n<\/div>\n<\/div>\n\n\n\n<div class=\"wp-block-columns is-layout-flex wp-container-core-columns-is-layout-28f84493 wp-block-columns-is-layout-flex\">\n<div class=\"wp-block-column is-layout-flow wp-block-column-is-layout-flow\" style=\"flex-basis:33.33%\">\n<figure class=\"wp-block-image size-full\"><img loading=\"lazy\" decoding=\"async\" width=\"602\" height=\"59\" src=\"http:\/\/pascaleract.fr\/wp-content\/uploads\/2024\/03\/image.png\" alt=\"\" class=\"wp-image-466\" srcset=\"https:\/\/pascaleract.fr\/wp-content\/uploads\/2024\/03\/image.png 602w, https:\/\/pascaleract.fr\/wp-content\/uploads\/2024\/03\/image-300x29.png 300w\" sizes=\"auto, (max-width: 602px) 100vw, 602px\" \/><\/figure>\n<\/div>\n\n\n\n<div class=\"wp-block-column is-layout-flow wp-block-column-is-layout-flow\" style=\"flex-basis:66.66%\">\n<p>Du 17 au 20 octobre 2024<br><strong>Salon R\u00e9alit\u00e9s Nouvelles Paris<\/strong> <br>Couvent des cordeliers <br>15 rue de l&#8217;\u00e9cole de m\u00e9decine 75006 Paris<\/p>\n<\/div>\n<\/div>\n\n\n\n<div class=\"wp-block-columns is-layout-flex wp-container-core-columns-is-layout-28f84493 wp-block-columns-is-layout-flex\">\n<div class=\"wp-block-column is-layout-flow wp-block-column-is-layout-flow\" style=\"flex-basis:33.33%\">\n<figure class=\"wp-block-image size-full\"><img loading=\"lazy\" decoding=\"async\" width=\"976\" height=\"960\" src=\"https:\/\/pascaleract.fr\/wp-content\/uploads\/2024\/03\/image-1.png\" alt=\"\" class=\"wp-image-467\" srcset=\"https:\/\/pascaleract.fr\/wp-content\/uploads\/2024\/03\/image-1.png 976w, https:\/\/pascaleract.fr\/wp-content\/uploads\/2024\/03\/image-1-300x295.png 300w, https:\/\/pascaleract.fr\/wp-content\/uploads\/2024\/03\/image-1-768x755.png 768w\" sizes=\"auto, (max-width: 976px) 100vw, 976px\" \/><\/figure>\n<\/div>\n\n\n\n<div class=\"wp-block-column is-layout-flow wp-block-column-is-layout-flow\" style=\"flex-basis:66.66%\">\n<p><strong>Du mardi 21 au dimanche 26 mai 2024<\/strong><br>au <strong>Bastille Design Center<\/strong><br>74 Bd Richard Lenoir 75011 Paris<\/p>\n\n\n\n<p>Vernissage le mardi 21 \u00e0 partir de 19h<\/p>\n\n\n\n<p><a href=\"http:\/\/www.mac2000-art.com\/NEW\/index.html\">MACParis<\/a><\/p>\n<\/div>\n<\/div>\n\n\n\n<div class=\"wp-block-columns is-layout-flex wp-container-core-columns-is-layout-28f84493 wp-block-columns-is-layout-flex\">\n<div class=\"wp-block-column is-layout-flow wp-block-column-is-layout-flow\" style=\"flex-basis:33.33%\">\n<figure class=\"wp-block-image size-full is-resized\"><img loading=\"lazy\" decoding=\"async\" width=\"602\" height=\"59\" src=\"https:\/\/pascaleract.fr\/wp-content\/uploads\/2024\/03\/image.png\" alt=\"\" class=\"wp-image-466\" style=\"width:245px;height:auto\" srcset=\"https:\/\/pascaleract.fr\/wp-content\/uploads\/2024\/03\/image.png 602w, https:\/\/pascaleract.fr\/wp-content\/uploads\/2024\/03\/image-300x29.png 300w\" sizes=\"auto, (max-width: 602px) 100vw, 602px\" \/><\/figure>\n<\/div>\n\n\n\n<div class=\"wp-block-column is-layout-flow wp-block-column-is-layout-flow\" style=\"flex-basis:66.66%\">\n<p><strong>Du 10 au 25 Mai 2024<\/strong><br>Hors les murs \u00e0 la <strong>Galerie Noir &amp; Blanc \u00e0 Bastia<\/strong><br>Place du March\u00e9, 2 Rue Cardinal Viale Prel\u00e0<\/p>\n\n\n\n<p><a href=\"https:\/\/www.galerie-noir-blanc.corsica\/\">galerie-noir-blanc.corsica<\/a><br><\/p>\n<\/div>\n<\/div>\n","protected":false},"excerpt":{"rendered":"<p>Du jeudi 16 au samedi 25 avril 2026Galerie Abstract project, Paris 5, rue des Immeubles Industriels, 11e M\u00e9tro Nationje serai pr\u00e9sente au vernissage, le mercredi 15 avril \u00e0 18h et les vendredis 17 et 24 de 14 \u00e0 19h De mars \u00e0 octobre 2026Lilatelier, Expo Nomade dans la ville des Lilasvernissage le jeudi 26 mars [&hellip;]<\/p>\n","protected":false},"author":1,"featured_media":0,"parent":0,"menu_order":0,"comment_status":"closed","ping_status":"closed","template":"","meta":{"footnotes":""},"class_list":["post-465","page","type-page","status-publish","hentry"],"yoast_head":"<!-- This site is optimized with the Yoast SEO plugin v27.4 - https:\/\/yoast.com\/product\/yoast-seo-wordpress\/ -->\n<title>ACTUALITES - Pascale Ract<\/title>\n<meta name=\"description\" content=\"vous trouverez ici les derni\u00e8res actualit\u00e9s et expositions de Pascale Ract, artiste sculpteure plasticienne\" \/>\n<meta name=\"robots\" content=\"index, follow, max-snippet:-1, max-image-preview:large, max-video-preview:-1\" \/>\n<link rel=\"canonical\" href=\"https:\/\/pascaleract.fr\/?page_id=465\" \/>\n<meta property=\"og:locale\" content=\"en_US\" \/>\n<meta property=\"og:type\" content=\"article\" \/>\n<meta property=\"og:title\" content=\"ACTUALITES - Pascale Ract\" \/>\n<meta property=\"og:description\" content=\"vous trouverez ici les derni\u00e8res actualit\u00e9s et expositions de Pascale Ract, artiste sculpteure plasticienne\" \/>\n<meta property=\"og:url\" content=\"https:\/\/pascaleract.fr\/?page_id=465\" \/>\n<meta property=\"og:site_name\" content=\"Pascale Ract\" \/>\n<meta property=\"article:modified_time\" content=\"2026-03-25T18:37:33+00:00\" \/>\n<meta property=\"og:image\" content=\"https:\/\/pascaleract.fr\/wp-content\/uploads\/2026\/03\/flyer-AP-scaled.jpg\" \/>\n\t<meta property=\"og:image:width\" content=\"2560\" \/>\n\t<meta property=\"og:image:height\" content=\"1810\" \/>\n\t<meta property=\"og:image:type\" content=\"image\/jpeg\" \/>\n<meta name=\"twitter:card\" content=\"summary_large_image\" \/>\n<meta name=\"twitter:label1\" content=\"Est. reading time\" \/>\n\t<meta name=\"twitter:data1\" content=\"3 minutes\" \/>\n<script type=\"application\/ld+json\" class=\"yoast-schema-graph\">{\"@context\":\"https:\\\/\\\/schema.org\",\"@graph\":[{\"@type\":\"WebPage\",\"@id\":\"https:\\\/\\\/pascaleract.fr\\\/?page_id=465\",\"url\":\"https:\\\/\\\/pascaleract.fr\\\/?page_id=465\",\"name\":\"ACTUALITES - Pascale Ract\",\"isPartOf\":{\"@id\":\"https:\\\/\\\/pascaleract.fr\\\/#website\"},\"primaryImageOfPage\":{\"@id\":\"https:\\\/\\\/pascaleract.fr\\\/?page_id=465#primaryimage\"},\"image\":{\"@id\":\"https:\\\/\\\/pascaleract.fr\\\/?page_id=465#primaryimage\"},\"thumbnailUrl\":\"https:\\\/\\\/pascaleract.fr\\\/wp-content\\\/uploads\\\/2026\\\/03\\\/flyer-AP-1024x724.jpg\",\"datePublished\":\"2024-03-12T08:34:32+00:00\",\"dateModified\":\"2026-03-25T18:37:33+00:00\",\"description\":\"vous trouverez ici les derni\u00e8res actualit\u00e9s et expositions de Pascale Ract, artiste sculpteure plasticienne\",\"breadcrumb\":{\"@id\":\"https:\\\/\\\/pascaleract.fr\\\/?page_id=465#breadcrumb\"},\"inLanguage\":\"en-US\",\"potentialAction\":[{\"@type\":\"ReadAction\",\"target\":[\"https:\\\/\\\/pascaleract.fr\\\/?page_id=465\"]}]},{\"@type\":\"ImageObject\",\"inLanguage\":\"en-US\",\"@id\":\"https:\\\/\\\/pascaleract.fr\\\/?page_id=465#primaryimage\",\"url\":\"https:\\\/\\\/pascaleract.fr\\\/wp-content\\\/uploads\\\/2026\\\/03\\\/flyer-AP-scaled.jpg\",\"contentUrl\":\"https:\\\/\\\/pascaleract.fr\\\/wp-content\\\/uploads\\\/2026\\\/03\\\/flyer-AP-scaled.jpg\",\"width\":2560,\"height\":1810},{\"@type\":\"BreadcrumbList\",\"@id\":\"https:\\\/\\\/pascaleract.fr\\\/?page_id=465#breadcrumb\",\"itemListElement\":[{\"@type\":\"ListItem\",\"position\":1,\"name\":\"Accueil\",\"item\":\"https:\\\/\\\/pascaleract.fr\\\/\"},{\"@type\":\"ListItem\",\"position\":2,\"name\":\"ACTUALITES\"}]},{\"@type\":\"WebSite\",\"@id\":\"https:\\\/\\\/pascaleract.fr\\\/#website\",\"url\":\"https:\\\/\\\/pascaleract.fr\\\/\",\"name\":\"pascaleract\",\"description\":\"sculpteure plasticienne\",\"potentialAction\":[{\"@type\":\"SearchAction\",\"target\":{\"@type\":\"EntryPoint\",\"urlTemplate\":\"https:\\\/\\\/pascaleract.fr\\\/?s={search_term_string}\"},\"query-input\":{\"@type\":\"PropertyValueSpecification\",\"valueRequired\":true,\"valueName\":\"search_term_string\"}}],\"inLanguage\":\"en-US\"}]}<\/script>\n<!-- \/ Yoast SEO plugin. -->","yoast_head_json":{"title":"ACTUALITES - Pascale Ract","description":"vous trouverez ici les derni\u00e8res actualit\u00e9s et expositions de Pascale Ract, artiste sculpteure plasticienne","robots":{"index":"index","follow":"follow","max-snippet":"max-snippet:-1","max-image-preview":"max-image-preview:large","max-video-preview":"max-video-preview:-1"},"canonical":"https:\/\/pascaleract.fr\/?page_id=465","og_locale":"en_US","og_type":"article","og_title":"ACTUALITES - Pascale Ract","og_description":"vous trouverez ici les derni\u00e8res actualit\u00e9s et expositions de Pascale Ract, artiste sculpteure plasticienne","og_url":"https:\/\/pascaleract.fr\/?page_id=465","og_site_name":"Pascale Ract","article_modified_time":"2026-03-25T18:37:33+00:00","og_image":[{"width":2560,"height":1810,"url":"https:\/\/pascaleract.fr\/wp-content\/uploads\/2026\/03\/flyer-AP-scaled.jpg","type":"image\/jpeg"}],"twitter_card":"summary_large_image","twitter_misc":{"Est. reading time":"3 minutes"},"schema":{"@context":"https:\/\/schema.org","@graph":[{"@type":"WebPage","@id":"https:\/\/pascaleract.fr\/?page_id=465","url":"https:\/\/pascaleract.fr\/?page_id=465","name":"ACTUALITES - Pascale Ract","isPartOf":{"@id":"https:\/\/pascaleract.fr\/#website"},"primaryImageOfPage":{"@id":"https:\/\/pascaleract.fr\/?page_id=465#primaryimage"},"image":{"@id":"https:\/\/pascaleract.fr\/?page_id=465#primaryimage"},"thumbnailUrl":"https:\/\/pascaleract.fr\/wp-content\/uploads\/2026\/03\/flyer-AP-1024x724.jpg","datePublished":"2024-03-12T08:34:32+00:00","dateModified":"2026-03-25T18:37:33+00:00","description":"vous trouverez ici les derni\u00e8res actualit\u00e9s et expositions de Pascale Ract, artiste sculpteure plasticienne","breadcrumb":{"@id":"https:\/\/pascaleract.fr\/?page_id=465#breadcrumb"},"inLanguage":"en-US","potentialAction":[{"@type":"ReadAction","target":["https:\/\/pascaleract.fr\/?page_id=465"]}]},{"@type":"ImageObject","inLanguage":"en-US","@id":"https:\/\/pascaleract.fr\/?page_id=465#primaryimage","url":"https:\/\/pascaleract.fr\/wp-content\/uploads\/2026\/03\/flyer-AP-scaled.jpg","contentUrl":"https:\/\/pascaleract.fr\/wp-content\/uploads\/2026\/03\/flyer-AP-scaled.jpg","width":2560,"height":1810},{"@type":"BreadcrumbList","@id":"https:\/\/pascaleract.fr\/?page_id=465#breadcrumb","itemListElement":[{"@type":"ListItem","position":1,"name":"Accueil","item":"https:\/\/pascaleract.fr\/"},{"@type":"ListItem","position":2,"name":"ACTUALITES"}]},{"@type":"WebSite","@id":"https:\/\/pascaleract.fr\/#website","url":"https:\/\/pascaleract.fr\/","name":"pascaleract","description":"sculpteure plasticienne","potentialAction":[{"@type":"SearchAction","target":{"@type":"EntryPoint","urlTemplate":"https:\/\/pascaleract.fr\/?s={search_term_string}"},"query-input":{"@type":"PropertyValueSpecification","valueRequired":true,"valueName":"search_term_string"}}],"inLanguage":"en-US"}]}},"_links":{"self":[{"href":"https:\/\/pascaleract.fr\/index.php?rest_route=\/wp\/v2\/pages\/465","targetHints":{"allow":["GET"]}}],"collection":[{"href":"https:\/\/pascaleract.fr\/index.php?rest_route=\/wp\/v2\/pages"}],"about":[{"href":"https:\/\/pascaleract.fr\/index.php?rest_route=\/wp\/v2\/types\/page"}],"author":[{"embeddable":true,"href":"https:\/\/pascaleract.fr\/index.php?rest_route=\/wp\/v2\/users\/1"}],"replies":[{"embeddable":true,"href":"https:\/\/pascaleract.fr\/index.php?rest_route=%2Fwp%2Fv2%2Fcomments&post=465"}],"version-history":[{"count":6,"href":"https:\/\/pascaleract.fr\/index.php?rest_route=\/wp\/v2\/pages\/465\/revisions"}],"predecessor-version":[{"id":619,"href":"https:\/\/pascaleract.fr\/index.php?rest_route=\/wp\/v2\/pages\/465\/revisions\/619"}],"wp:attachment":[{"href":"https:\/\/pascaleract.fr\/index.php?rest_route=%2Fwp%2Fv2%2Fmedia&parent=465"}],"curies":[{"name":"wp","href":"https:\/\/api.w.org\/{rel}","templated":true}]}}